{"id":343,"date":"2024-07-13T08:37:36","date_gmt":"2024-07-13T06:37:36","guid":{"rendered":"https:\/\/parquet-pro.fr\/?page_id=343"},"modified":"2024-12-10T08:32:57","modified_gmt":"2024-12-10T07:32:57","slug":"mentions-legales","status":"publish","type":"page","link":"https:\/\/parquet-pro.fr\/index.php\/mentions-legales\/","title":{"rendered":"Mentions L\u00e9gales"},"content":{"rendered":"\t\t<div data-elementor-type=\"wp-page\" data-elementor-id=\"343\" class=\"elementor elementor-343\">\n\t\t\t\t<div class=\"elementor-element elementor-element-3562a1b e-flex e-con-boxed e-con e-parent\" data-id=\"3562a1b\" data-element_type=\"container\" data-e-type=\"container\">\n\t\t\t\t\t<div class=\"e-con-inner\">\n\t\t\t\t<div class=\"elementor-element elementor-element-3ec2c49 elementor-widget elementor-widget-text-editor\" data-id=\"3ec2c49\" data-element_type=\"widget\" data-e-type=\"widget\" data-widget_type=\"text-editor.default\">\n\t\t\t\t<div class=\"elementor-widget-container\">\n\t\t\t\t\t\t\t\t\t<p><strong>PARQUET PRO<\/strong><\/p>\n<p>Forme juridique :&nbsp;Micro-Entreprise<br>N\u00b0 SIRET : 98207377700012&nbsp;<br>Si\u00e8ge social : 15 Avenue Roger Semat, 93200 SAINT-DENIS<br>Editeur du service : <strong>PARQUET PRO<\/strong><\/p>\n<p>Conform\u00e9ment \u00e0 la loi n\u00b02004-575 du 21 juin 2004 pour la confiance dans l\u2019\u00e9conomie num\u00e9rique, nous vous informons que le site internet www.parquet-pro.fr est la propri\u00e9t\u00e9 de PARQUET PRO.&nbsp;Le site internet www.parquet-pro.fr est h\u00e9berg\u00e9 sur les mat\u00e9riels informatiques de la soci\u00e9t\u00e9 OVH dont le si\u00e8ge social est : 2 rue Kellermann \u2013 59100 Roubaix \u2013 France.&nbsp;Le site www.parquet-pro.fr est r\u00e9gi par le droit fran\u00e7ais ; les visiteurs ayant acc\u00e8s au site de l\u2019\u00e9tranger, doivent s\u2019assurer du respect des lois localement applicables. Les mentions l\u00e9gales pouvant \u00eatre modifi\u00e9es \u00e0 tout moment et sans pr\u00e9avis, nous vous engageons \u00e0 les consulter r\u00e9guli\u00e8rement.<\/p>\t\t\t\t\t\t\t\t<\/div>\n\t\t\t\t<\/div>\n\t\t\t\t\t<\/div>\n\t\t\t\t<\/div>\n\t\t<div class=\"elementor-element elementor-element-4d1d68c e-flex e-con-boxed e-con e-parent\" data-id=\"4d1d68c\" data-element_type=\"container\" data-e-type=\"container\">\n\t\t\t\t\t<div class=\"e-con-inner\">\n\t\t\t\t<div class=\"elementor-element elementor-element-d53c031 elementor-shape-rounded elementor-grid-0 e-grid-align-center elementor-widget elementor-widget-social-icons\" data-id=\"d53c031\" data-element_type=\"widget\" data-e-type=\"widget\" data-widget_type=\"social-icons.default\">\n\t\t\t\t<div class=\"elementor-widget-container\">\n\t\t\t\t\t\t\t<div class=\"elementor-social-icons-wrapper elementor-grid\" role=\"list\">\n\t\t\t\t\t\t\t<span class=\"elementor-grid-item\" role=\"listitem\">\n\t\t\t\t\t<a class=\"elementor-icon elementor-social-icon elementor-social-icon-facebook elementor-repeater-item-0fe6819\" href=\"https:\/\/www.facebook.com\/profile.php?id=61562280147769\" target=\"_blank\">\n\t\t\t\t\t\t<span class=\"elementor-screen-only\">Facebook<\/span>\n\t\t\t\t\t\t<svg aria-hidden=\"true\" class=\"e-font-icon-svg e-fab-facebook\" viewBox=\"0 0 512 512\" xmlns=\"http:\/\/www.w3.org\/2000\/svg\"><path d=\"M504 256C504 119 393 8 256 8S8 119 8 256c0 123.78 90.69 226.38 209.25 245V327.69h-63V256h63v-54.64c0-62.15 37-96.48 93.67-96.48 27.14 0 55.52 4.84 55.52 4.84v61h-31.28c-30.8 0-40.41 19.12-40.41 38.73V256h68.78l-11 71.69h-57.78V501C413.31 482.38 504 379.78 504 256z\"><\/path><\/svg>\t\t\t\t\t<\/a>\n\t\t\t\t<\/span>\n\t\t\t\t\t\t\t<span class=\"elementor-grid-item\" role=\"listitem\">\n\t\t\t\t\t<a class=\"elementor-icon elementor-social-icon elementor-social-icon-instagram elementor-repeater-item-21d6343\" href=\"https:\/\/www.instagram.com\/parquet.pro93?utm_source=qr&#038;igsh=MXY3azl1MG5ucmY5MQ==\" target=\"_blank\">\n\t\t\t\t\t\t<span class=\"elementor-screen-only\">Instagram<\/span>\n\t\t\t\t\t\t<svg aria-hidden=\"true\" class=\"e-font-icon-svg e-fab-instagram\" viewBox=\"0 0 448 512\" xmlns=\"http:\/\/www.w3.org\/2000\/svg\"><path d=\"M224.1 141c-63.6 0-114.9 51.3-114.9 114.9s51.3 114.9 114.9 114.9S339 319.5 339 255.9 287.7 141 224.1 141zm0 189.6c-41.1 0-74.7-33.5-74.7-74.7s33.5-74.7 74.7-74.7 74.7 33.5 74.7 74.7-33.6 74.7-74.7 74.7zm146.4-194.3c0 14.9-12 26.8-26.8 26.8-14.9 0-26.8-12-26.8-26.8s12-26.8 26.8-26.8 26.8 12 26.8 26.8zm76.1 27.2c-1.7-35.9-9.9-67.7-36.2-93.9-26.2-26.2-58-34.4-93.9-36.2-37-2.1-147.9-2.1-184.9 0-35.8 1.7-67.6 9.9-93.9 36.1s-34.4 58-36.2 93.9c-2.1 37-2.1 147.9 0 184.9 1.7 35.9 9.9 67.7 36.2 93.9s58 34.4 93.9 36.2c37 2.1 147.9 2.1 184.9 0 35.9-1.7 67.7-9.9 93.9-36.2 26.2-26.2 34.4-58 36.2-93.9 2.1-37 2.1-147.8 0-184.8zM398.8 388c-7.8 19.6-22.9 34.7-42.6 42.6-29.5 11.7-99.5 9-132.1 9s-102.7 2.6-132.1-9c-19.6-7.8-34.7-22.9-42.6-42.6-11.7-29.5-9-99.5-9-132.1s-2.6-102.7 9-132.1c7.8-19.6 22.9-34.7 42.6-42.6 29.5-11.7 99.5-9 132.1-9s102.7-2.6 132.1 9c19.6 7.8 34.7 22.9 42.6 42.6 11.7 29.5 9 99.5 9 132.1s2.7 102.7-9 132.1z\"><\/path><\/svg>\t\t\t\t\t<\/a>\n\t\t\t\t<\/span>\n\t\t\t\t\t<\/div>\n\t\t\t\t\t\t<\/div>\n\t\t\t\t<\/div>\n\t\t\t\t\t<\/div>\n\t\t\t\t<\/div>\n\t\t<div class=\"elementor-element elementor-element-1dcd057 e-flex e-con-boxed e-con e-parent\" data-id=\"1dcd057\" data-element_type=\"container\" data-e-type=\"container\">\n\t\t\t\t\t<div class=\"e-con-inner\">\n\t\t<div class=\"elementor-element elementor-element-a3b6835 e-con-full e-flex e-con e-child\" data-id=\"a3b6835\" data-element_type=\"container\" data-e-type=\"container\">\n\t\t\t\t<div class=\"elementor-element elementor-element-8286be6 elementor-widget elementor-widget-text-editor\" data-id=\"8286be6\" data-element_type=\"widget\" data-e-type=\"widget\" data-widget_type=\"text-editor.default\">\n\t\t\t\t<div class=\"elementor-widget-container\">\n\t\t\t\t\t\t\t\t\t<p style=\"text-align: center;\"><a href=\"https:\/\/parquet-pro.fr\/index.php\/mentions-legales\/\">Mentions L\u00e9gales<\/a><\/p>\t\t\t\t\t\t\t\t<\/div>\n\t\t\t\t<\/div>\n\t\t\t\t<\/div>\n\t\t\t\t\t<\/div>\n\t\t\t\t<\/div>\n\t\t\t\t<\/div>\n\t\t","protected":false},"excerpt":{"rendered":"<p>PARQUET PRO Forme juridique :&nbsp;Micro-EntrepriseN\u00b0 SIRET : 98207377700012&nbsp;Si\u00e8ge social : 15 Avenue Roger Semat, 93200 SAINT-DENISEditeur du service : PARQUET PRO Conform\u00e9ment \u00e0 la loi n\u00b02004-575 du 21 juin 2004 pour la confiance dans l\u2019\u00e9conomie num\u00e9rique, nous vous informons que le site internet www.parquet-pro.fr est la propri\u00e9t\u00e9 de PARQUET PRO.&nbsp;Le site internet www.parquet-pro.fr est h\u00e9berg\u00e9&hellip;<\/p>\n","protected":false},"author":1,"featured_media":221,"parent":0,"menu_order":0,"comment_status":"closed","ping_status":"closed","template":"","meta":{"_monsterinsights_skip_tracking":false,"_monsterinsights_sitenote_active":false,"_monsterinsights_sitenote_note":"","_monsterinsights_sitenote_category":0,"footnotes":""},"class_list":["post-343","page","type-page","status-publish","has-post-thumbnail","hentry"],"aioseo_notices":[],"_links":{"self":[{"href":"https:\/\/parquet-pro.fr\/index.php\/wp-json\/wp\/v2\/pages\/343","targetHints":{"allow":["GET"]}}],"collection":[{"href":"https:\/\/parquet-pro.fr\/index.php\/wp-json\/wp\/v2\/pages"}],"about":[{"href":"https:\/\/parquet-pro.fr\/index.php\/wp-json\/wp\/v2\/types\/page"}],"author":[{"embeddable":true,"href":"https:\/\/parquet-pro.fr\/index.php\/wp-json\/wp\/v2\/users\/1"}],"replies":[{"embeddable":true,"href":"https:\/\/parquet-pro.fr\/index.php\/wp-json\/wp\/v2\/comments?post=343"}],"version-history":[{"count":37,"href":"https:\/\/parquet-pro.fr\/index.php\/wp-json\/wp\/v2\/pages\/343\/revisions"}],"predecessor-version":[{"id":742,"href":"https:\/\/parquet-pro.fr\/index.php\/wp-json\/wp\/v2\/pages\/343\/revisions\/742"}],"wp:featuredmedia":[{"embeddable":true,"href":"https:\/\/parquet-pro.fr\/index.php\/wp-json\/wp\/v2\/media\/221"}],"wp:attachment":[{"href":"https:\/\/parquet-pro.fr\/index.php\/wp-json\/wp\/v2\/media?parent=343"}],"curies":[{"name":"wp","href":"https:\/\/api.w.org\/{rel}","templated":true}]}}